{"id":189,"date":"2023-03-12T11:04:37","date_gmt":"2023-03-12T11:04:37","guid":{"rendered":"https:\/\/airportapartments.be\/home\/"},"modified":"2024-11-24T23:57:24","modified_gmt":"2024-11-24T23:57:24","slug":"home","status":"publish","type":"page","link":"https:\/\/airportapartments.be\/fr\/","title":{"rendered":"Home"},"content":{"rendered":"\t\t<div data-elementor-type=\"wp-page\" data-elementor-id=\"189\" class=\"elementor elementor-189 elementor-190\" data-elementor-post-type=\"page\">\n\t\t\t\t\t\t<section class=\"elementor-section elementor-top-section elementor-element elementor-element-007ed38 elementor-section-boxed elementor-section-height-default elementor-section-height-default\" data-id=\"007ed38\" data-element_type=\"section\" data-settings=\"{&quot;background_background&quot;:&quot;classic&quot;}\">\n\t\t\t\t\t\t<div class=\"elementor-container elementor-column-gap-default\">\n\t\t\t\t\t<div class=\"elementor-column elementor-col-100 elementor-top-column elementor-element elementor-element-9f63f54\" data-id=\"9f63f54\" data-element_type=\"column\">\n\t\t\t<div class=\"elementor-widget-wrap elementor-element-populated\">\n\t\t\t\t\t\t<div class=\"elementor-element elementor-element-3f1295b elementor-arrows-position-inside elementor-widget elementor-widget-image-carousel\" data-id=\"3f1295b\" data-element_type=\"widget\" data-settings=\"{&quot;slides_to_show&quot;:&quot;1&quot;,&quot;navigation&quot;:&quot;arrows&quot;,&quot;autoplay&quot;:&quot;yes&quot;,&quot;pause_on_hover&quot;:&quot;yes&quot;,&quot;pause_on_interaction&quot;:&quot;yes&quot;,&quot;autoplay_speed&quot;:5000,&quot;infinite&quot;:&quot;yes&quot;,&quot;effect&quot;:&quot;slide&quot;,&quot;speed&quot;:500}\" data-widget_type=\"image-carousel.default\">\n\t\t\t\t<div class=\"elementor-widget-container\">\n\t\t\t\t\t\t\t<div class=\"elementor-image-carousel-wrapper swiper\" role=\"region\" aria-roledescription=\"carousel\" aria-label=\"Carrousel d\u2019images\" dir=\"ltr\">\n\t\t\t<div class=\"elementor-image-carousel swiper-wrapper swiper-image-stretch\" aria-live=\"off\">\n\t\t\t\t\t\t\t\t<div class=\"swiper-slide\" role=\"group\" aria-roledescription=\"slide\" aria-label=\"1 sur 3\"><figure class=\"swiper-slide-inner\"><img decoding=\"async\" class=\"swiper-slide-image\" src=\"https:\/\/airportapartments.be\/wp-content\/uploads\/elementor\/thumbs\/trappenhal-q3po7r3e0m6ea1rjvgdft84njne91iyhlrn8zrno3w.jpg\" alt=\"trappenhal\" \/><\/figure><\/div><div class=\"swiper-slide\" role=\"group\" aria-roledescription=\"slide\" aria-label=\"2 sur 3\"><figure class=\"swiper-slide-inner\"><img decoding=\"async\" class=\"swiper-slide-image\" src=\"https:\/\/airportapartments.be\/wp-content\/uploads\/elementor\/thumbs\/achterkant-q3po7vskysctw3kq40eknoxyikr340h5aewoe5gp8s.jpg\" alt=\"achterkant\" \/><\/figure><\/div><div class=\"swiper-slide\" role=\"group\" aria-roledescription=\"slide\" aria-label=\"3 sur 3\"><figure class=\"swiper-slide-inner\"><img decoding=\"async\" class=\"swiper-slide-image\" src=\"https:\/\/airportapartments.be\/wp-content\/uploads\/elementor\/thumbs\/inkom-q3po7wqf5me47pjcyit786pf3ymgbpkvmjk5vffb2k.jpg\" alt=\"inkom\" \/><\/figure><\/div>\t\t\t<\/div>\n\t\t\t\t\t\t\t\t\t\t\t\t<div class=\"elementor-swiper-button elementor-swiper-button-prev\" role=\"button\" tabindex=\"0\">\n\t\t\t\t\t\t<i aria-hidden=\"true\" class=\"eicon-chevron-left\"><\/i>\t\t\t\t\t<\/div>\n\t\t\t\t\t<div class=\"elementor-swiper-button elementor-swiper-button-next\" role=\"button\" tabindex=\"0\">\n\t\t\t\t\t\t<i aria-hidden=\"true\" class=\"eicon-chevron-right\"><\/i>\t\t\t\t\t<\/div>\n\t\t\t\t\n\t\t\t\t\t\t\t\t\t<\/div>\n\t\t\t\t\t\t<\/div>\n\t\t\t\t<\/div>\n\t\t\t\t\t<\/div>\n\t\t<\/div>\n\t\t\t\t\t<\/div>\n\t\t<\/section>\n\t\t\t\t<section class=\"elementor-section elementor-top-section elementor-element elementor-element-c12a17c elementor-section-boxed elementor-section-height-default elementor-section-height-default\" data-id=\"c12a17c\" data-element_type=\"section\">\n\t\t\t\t\t\t<div class=\"elementor-container elementor-column-gap-default\">\n\t\t\t\t\t<div class=\"elementor-column elementor-col-33 elementor-top-column elementor-element elementor-element-a27590b\" data-id=\"a27590b\" data-element_type=\"column\">\n\t\t\t<div class=\"elementor-widget-wrap elementor-element-populated\">\n\t\t\t\t\t\t<div class=\"elementor-element elementor-element-dceff92 elementor-widget elementor-widget-heading\" data-id=\"dceff92\" data-element_type=\"widget\" data-widget_type=\"heading.default\">\n\t\t\t\t<div class=\"elementor-widget-container\">\n\t\t\t\t\t<h2 class=\"elementor-heading-title elementor-size-default\">EXCELLENT EMPLACEMENT, APPARTEMENTS \u00c0 LOCATION COURTE ET LONGUE DUR\u00c9E<\/h2>\t\t\t\t<\/div>\n\t\t\t\t<\/div>\n\t\t\t\t<div class=\"elementor-element elementor-element-5d00356 elementor-widget elementor-widget-text-editor\" data-id=\"5d00356\" data-element_type=\"widget\" data-widget_type=\"text-editor.default\">\n\t\t\t\t<div class=\"elementor-widget-container\">\n\t\t\t\t\t\t\t\t\t<p>Appartements dans 2 immeubles situ\u00e9s dans une zone g\u00e9ographique strat\u00e9gique. A proximit\u00e9 du quartier d&rsquo;affaires de l&rsquo;a\u00e9roport de Bruxelles et du si\u00e8ge de l&rsquo;OTAN \u00e0 Evere, mais \u00e0 distance de marche des restaurants, grands supermarch\u00e9s (Carrefour &amp; Delhaize) et magasins. A proximit\u00e9 de l&rsquo;a\u00e9roport, des autoroutes et des transports en commun.<\/p>\t\t\t\t\t\t\t\t<\/div>\n\t\t\t\t<\/div>\n\t\t\t\t\t<\/div>\n\t\t<\/div>\n\t\t\t\t<div class=\"elementor-column elementor-col-33 elementor-top-column elementor-element elementor-element-085a777\" data-id=\"085a777\" data-element_type=\"column\">\n\t\t\t<div class=\"elementor-widget-wrap elementor-element-populated\">\n\t\t\t\t\t\t<div class=\"elementor-element elementor-element-0b65bdf elementor-widget elementor-widget-heading\" data-id=\"0b65bdf\" data-element_type=\"widget\" data-widget_type=\"heading.default\">\n\t\t\t\t<div class=\"elementor-widget-container\">\n\t\t\t\t\t<h2 class=\"elementor-heading-title elementor-size-default\">AM\u00c9NAGEMENT<\/h2>\t\t\t\t<\/div>\n\t\t\t\t<\/div>\n\t\t\t\t<div class=\"elementor-element elementor-element-9583ea1 elementor-widget elementor-widget-text-editor\" data-id=\"9583ea1\" data-element_type=\"widget\" data-widget_type=\"text-editor.default\">\n\t\t\t\t<div class=\"elementor-widget-container\">\n\t\t\t\t\t\t\t\t\t<p>Tous les appartements sont compos\u00e9s d&rsquo;un salon, d&rsquo;une chambre, d&rsquo;une cuisine et d&rsquo;une salle de bains. Une buanderie et un parking sont \u00e0 disposition.<\/p>\t\t\t\t\t\t\t\t<\/div>\n\t\t\t\t<\/div>\n\t\t\t\t\t<\/div>\n\t\t<\/div>\n\t\t\t\t<div class=\"elementor-column elementor-col-33 elementor-top-column elementor-element elementor-element-eff2449\" data-id=\"eff2449\" data-element_type=\"column\">\n\t\t\t<div class=\"elementor-widget-wrap elementor-element-populated\">\n\t\t\t\t\t\t<div class=\"elementor-element elementor-element-1242c17 elementor-widget elementor-widget-heading\" data-id=\"1242c17\" data-element_type=\"widget\" data-widget_type=\"heading.default\">\n\t\t\t\t<div class=\"elementor-widget-container\">\n\t\t\t\t\t<h2 class=\"elementor-heading-title elementor-size-default\">SERVICES<\/h2>\t\t\t\t<\/div>\n\t\t\t\t<\/div>\n\t\t\t\t<div class=\"elementor-element elementor-element-3cab39f elementor-widget elementor-widget-text-editor\" data-id=\"3cab39f\" data-element_type=\"widget\" data-widget_type=\"text-editor.default\">\n\t\t\t\t<div class=\"elementor-widget-container\">\n\t\t\t\t\t\t\t\t\t<p>M\u00e9nage hebdomadaire<br \/>Internet wifi inclus<\/p>\t\t\t\t\t\t\t\t<\/div>\n\t\t\t\t<\/div>\n\t\t\t\t\t<\/div>\n\t\t<\/div>\n\t\t\t\t\t<\/div>\n\t\t<\/section>\n\t\t\t\t<section class=\"elementor-section elementor-top-section elementor-element elementor-element-6002098 elementor-section-boxed elementor-section-height-default elementor-section-height-default\" data-id=\"6002098\" data-element_type=\"section\">\n\t\t\t\t\t\t<div class=\"elementor-container elementor-column-gap-default\">\n\t\t\t\t\t<div class=\"elementor-column elementor-col-100 elementor-top-column elementor-element elementor-element-29b669a\" data-id=\"29b669a\" data-element_type=\"column\">\n\t\t\t<div class=\"elementor-widget-wrap elementor-element-populated\">\n\t\t\t\t\t\t<div class=\"elementor-element elementor-element-5cb0b7b elementor-widget elementor-widget-video\" data-id=\"5cb0b7b\" data-element_type=\"widget\" data-settings=\"{&quot;youtube_url&quot;:&quot;https:\\\/\\\/www.youtube.com\\\/watch?v=BBWQF9G-VTc&amp;t=2s&quot;,&quot;video_type&quot;:&quot;youtube&quot;,&quot;controls&quot;:&quot;yes&quot;}\" data-widget_type=\"video.default\">\n\t\t\t\t<div class=\"elementor-widget-container\">\n\t\t\t\t\t\t\t<div class=\"elementor-wrapper elementor-open-inline\">\n\t\t\t<div class=\"elementor-video\"><\/div>\t\t<\/div>\n\t\t\t\t\t\t<\/div>\n\t\t\t\t<\/div>\n\t\t\t\t\t<\/div>\n\t\t<\/div>\n\t\t\t\t\t<\/div>\n\t\t<\/section>\n\t\t\t\t<\/div>\n\t\t","protected":false},"excerpt":{"rendered":"<p>EXCELLENT EMPLACEMENT, APPARTEMENTS \u00c0 LOCATION COURTE ET LONGUE DUR\u00c9E Appartements dans 2 immeubles situ\u00e9s dans une zone g\u00e9ographique strat\u00e9gique. A proximit\u00e9 du quartier d&rsquo;affaires de l&rsquo;a\u00e9roport de Bruxelles et du si\u00e8ge de l&rsquo;OTAN \u00e0 Evere, mais \u00e0 distance de marche des restaurants, grands supermarch\u00e9s (Carrefour &amp; Delhaize) et magasins. A proximit\u00e9 de l&rsquo;a\u00e9roport, des autoroutes [&hellip;]<\/p>\n","protected":false},"author":2,"featured_media":0,"parent":0,"menu_order":0,"comment_status":"closed","ping_status":"closed","template":"elementor_header_footer","meta":{"footnotes":""},"class_list":["post-189","page","type-page","status-publish","hentry"],"yoast_head":"<!-- This site is optimized with the Yoast SEO plugin v26.6 - https:\/\/yoast.com\/wordpress\/plugins\/seo\/ -->\n<title>Appartements en location courte et longue dur\u00e9e \u00e0 Evere<\/title>\n<meta name=\"description\" content=\"Appartements en location - (non)meubl\u00e9s, \u00e0 proximit\u00e9 du si\u00e8ge de l&#039;OTAN et de la zone d&#039;affaires autour de l&#039;a\u00e9roport de Zaventem\" \/>\n<meta name=\"robots\" content=\"index, follow, max-snippet:-1, max-image-preview:large, max-video-preview:-1\" \/>\n<link rel=\"canonical\" href=\"https:\/\/airportapartments.be\/fr\/\" \/>\n<meta property=\"og:locale\" content=\"fr_FR\" \/>\n<meta property=\"og:type\" content=\"article\" \/>\n<meta property=\"og:title\" content=\"Appartements en location courte et longue dur\u00e9e \u00e0 Evere\" \/>\n<meta property=\"og:description\" content=\"Appartements en location - (non)meubl\u00e9s, \u00e0 proximit\u00e9 du si\u00e8ge de l&#039;OTAN et de la zone d&#039;affaires autour de l&#039;a\u00e9roport de Zaventem\" \/>\n<meta property=\"og:url\" content=\"https:\/\/airportapartments.be\/fr\/\" \/>\n<meta property=\"og:site_name\" content=\"Airport Apartments\" \/>\n<meta property=\"article:modified_time\" content=\"2024-11-24T23:57:24+00:00\" \/>\n<meta property=\"og:image\" content=\"https:\/\/airportapartments.be\/wp-content\/uploads\/elementor\/thumbs\/trappenhal-q3po7r3e0m6ea1rjvgdft84njne91iyhlrn8zrno3w.jpg\" \/>\n<meta name=\"twitter:card\" content=\"summary_large_image\" \/>\n<meta name=\"twitter:label1\" content=\"Dur\u00e9e de lecture estim\u00e9e\" \/>\n\t<meta name=\"twitter:data1\" content=\"1 minute\" \/>\n<script type=\"application\/ld+json\" class=\"yoast-schema-graph\">{\"@context\":\"https:\/\/schema.org\",\"@graph\":[{\"@type\":\"WebPage\",\"@id\":\"https:\/\/airportapartments.be\/fr\/\",\"url\":\"https:\/\/airportapartments.be\/fr\/\",\"name\":\"Appartements en location courte et longue dur\u00e9e \u00e0 Evere\",\"isPartOf\":{\"@id\":\"https:\/\/airportapartments.be\/fr\/#website\"},\"primaryImageOfPage\":{\"@id\":\"https:\/\/airportapartments.be\/fr\/#primaryimage\"},\"image\":{\"@id\":\"https:\/\/airportapartments.be\/fr\/#primaryimage\"},\"thumbnailUrl\":\"https:\/\/airportapartments.be\/wp-content\/uploads\/elementor\/thumbs\/trappenhal-q3po7r3e0m6ea1rjvgdft84njne91iyhlrn8zrno3w.jpg\",\"datePublished\":\"2023-03-12T11:04:37+00:00\",\"dateModified\":\"2024-11-24T23:57:24+00:00\",\"description\":\"Appartements en location - (non)meubl\u00e9s, \u00e0 proximit\u00e9 du si\u00e8ge de l'OTAN et de la zone d'affaires autour de l'a\u00e9roport de Zaventem\",\"breadcrumb\":{\"@id\":\"https:\/\/airportapartments.be\/fr\/#breadcrumb\"},\"inLanguage\":\"fr-FR\",\"potentialAction\":[{\"@type\":\"ReadAction\",\"target\":[\"https:\/\/airportapartments.be\/fr\/\"]}]},{\"@type\":\"ImageObject\",\"inLanguage\":\"fr-FR\",\"@id\":\"https:\/\/airportapartments.be\/fr\/#primaryimage\",\"url\":\"https:\/\/airportapartments.be\/wp-content\/uploads\/elementor\/thumbs\/trappenhal-q3po7r3e0m6ea1rjvgdft84njne91iyhlrn8zrno3w.jpg\",\"contentUrl\":\"https:\/\/airportapartments.be\/wp-content\/uploads\/elementor\/thumbs\/trappenhal-q3po7r3e0m6ea1rjvgdft84njne91iyhlrn8zrno3w.jpg\"},{\"@type\":\"BreadcrumbList\",\"@id\":\"https:\/\/airportapartments.be\/fr\/#breadcrumb\",\"itemListElement\":[{\"@type\":\"ListItem\",\"position\":1,\"name\":\"Home\",\"item\":\"https:\/\/airportapartments.be\/fr\/\"},{\"@type\":\"ListItem\",\"position\":2,\"name\":\"Home\"}]},{\"@type\":\"WebSite\",\"@id\":\"https:\/\/airportapartments.be\/fr\/#website\",\"url\":\"https:\/\/airportapartments.be\/fr\/\",\"name\":\"Airport Apartments\",\"description\":\"\",\"publisher\":{\"@id\":\"https:\/\/airportapartments.be\/fr\/#organization\"},\"potentialAction\":[{\"@type\":\"SearchAction\",\"target\":{\"@type\":\"EntryPoint\",\"urlTemplate\":\"https:\/\/airportapartments.be\/fr\/?s={search_term_string}\"},\"query-input\":{\"@type\":\"PropertyValueSpecification\",\"valueRequired\":true,\"valueName\":\"search_term_string\"}}],\"inLanguage\":\"fr-FR\"},{\"@type\":\"Organization\",\"@id\":\"https:\/\/airportapartments.be\/fr\/#organization\",\"name\":\"Airport Apartments\",\"url\":\"https:\/\/airportapartments.be\/fr\/\",\"logo\":{\"@type\":\"ImageObject\",\"inLanguage\":\"fr-FR\",\"@id\":\"https:\/\/airportapartments.be\/fr\/#\/schema\/logo\/image\/\",\"url\":\"https:\/\/airportapartments.be\/wp-content\/uploads\/2023\/03\/airport-apartments-logo-2024.jpg\",\"contentUrl\":\"https:\/\/airportapartments.be\/wp-content\/uploads\/2023\/03\/airport-apartments-logo-2024.jpg\",\"width\":225,\"height\":86,\"caption\":\"Airport Apartments\"},\"image\":{\"@id\":\"https:\/\/airportapartments.be\/fr\/#\/schema\/logo\/image\/\"}}]}<\/script>\n<!-- \/ Yoast SEO plugin. -->","yoast_head_json":{"title":"Appartements en location courte et longue dur\u00e9e \u00e0 Evere","description":"Appartements en location - (non)meubl\u00e9s, \u00e0 proximit\u00e9 du si\u00e8ge de l'OTAN et de la zone d'affaires autour de l'a\u00e9roport de Zaventem","robots":{"index":"index","follow":"follow","max-snippet":"max-snippet:-1","max-image-preview":"max-image-preview:large","max-video-preview":"max-video-preview:-1"},"canonical":"https:\/\/airportapartments.be\/fr\/","og_locale":"fr_FR","og_type":"article","og_title":"Appartements en location courte et longue dur\u00e9e \u00e0 Evere","og_description":"Appartements en location - (non)meubl\u00e9s, \u00e0 proximit\u00e9 du si\u00e8ge de l'OTAN et de la zone d'affaires autour de l'a\u00e9roport de Zaventem","og_url":"https:\/\/airportapartments.be\/fr\/","og_site_name":"Airport Apartments","article_modified_time":"2024-11-24T23:57:24+00:00","og_image":[{"url":"https:\/\/airportapartments.be\/wp-content\/uploads\/elementor\/thumbs\/trappenhal-q3po7r3e0m6ea1rjvgdft84njne91iyhlrn8zrno3w.jpg","type":"","width":"","height":""}],"twitter_card":"summary_large_image","twitter_misc":{"Dur\u00e9e de lecture estim\u00e9e":"1 minute"},"schema":{"@context":"https:\/\/schema.org","@graph":[{"@type":"WebPage","@id":"https:\/\/airportapartments.be\/fr\/","url":"https:\/\/airportapartments.be\/fr\/","name":"Appartements en location courte et longue dur\u00e9e \u00e0 Evere","isPartOf":{"@id":"https:\/\/airportapartments.be\/fr\/#website"},"primaryImageOfPage":{"@id":"https:\/\/airportapartments.be\/fr\/#primaryimage"},"image":{"@id":"https:\/\/airportapartments.be\/fr\/#primaryimage"},"thumbnailUrl":"https:\/\/airportapartments.be\/wp-content\/uploads\/elementor\/thumbs\/trappenhal-q3po7r3e0m6ea1rjvgdft84njne91iyhlrn8zrno3w.jpg","datePublished":"2023-03-12T11:04:37+00:00","dateModified":"2024-11-24T23:57:24+00:00","description":"Appartements en location - (non)meubl\u00e9s, \u00e0 proximit\u00e9 du si\u00e8ge de l'OTAN et de la zone d'affaires autour de l'a\u00e9roport de Zaventem","breadcrumb":{"@id":"https:\/\/airportapartments.be\/fr\/#breadcrumb"},"inLanguage":"fr-FR","potentialAction":[{"@type":"ReadAction","target":["https:\/\/airportapartments.be\/fr\/"]}]},{"@type":"ImageObject","inLanguage":"fr-FR","@id":"https:\/\/airportapartments.be\/fr\/#primaryimage","url":"https:\/\/airportapartments.be\/wp-content\/uploads\/elementor\/thumbs\/trappenhal-q3po7r3e0m6ea1rjvgdft84njne91iyhlrn8zrno3w.jpg","contentUrl":"https:\/\/airportapartments.be\/wp-content\/uploads\/elementor\/thumbs\/trappenhal-q3po7r3e0m6ea1rjvgdft84njne91iyhlrn8zrno3w.jpg"},{"@type":"BreadcrumbList","@id":"https:\/\/airportapartments.be\/fr\/#breadcrumb","itemListElement":[{"@type":"ListItem","position":1,"name":"Home","item":"https:\/\/airportapartments.be\/fr\/"},{"@type":"ListItem","position":2,"name":"Home"}]},{"@type":"WebSite","@id":"https:\/\/airportapartments.be\/fr\/#website","url":"https:\/\/airportapartments.be\/fr\/","name":"Airport Apartments","description":"","publisher":{"@id":"https:\/\/airportapartments.be\/fr\/#organization"},"potentialAction":[{"@type":"SearchAction","target":{"@type":"EntryPoint","urlTemplate":"https:\/\/airportapartments.be\/fr\/?s={search_term_string}"},"query-input":{"@type":"PropertyValueSpecification","valueRequired":true,"valueName":"search_term_string"}}],"inLanguage":"fr-FR"},{"@type":"Organization","@id":"https:\/\/airportapartments.be\/fr\/#organization","name":"Airport Apartments","url":"https:\/\/airportapartments.be\/fr\/","logo":{"@type":"ImageObject","inLanguage":"fr-FR","@id":"https:\/\/airportapartments.be\/fr\/#\/schema\/logo\/image\/","url":"https:\/\/airportapartments.be\/wp-content\/uploads\/2023\/03\/airport-apartments-logo-2024.jpg","contentUrl":"https:\/\/airportapartments.be\/wp-content\/uploads\/2023\/03\/airport-apartments-logo-2024.jpg","width":225,"height":86,"caption":"Airport Apartments"},"image":{"@id":"https:\/\/airportapartments.be\/fr\/#\/schema\/logo\/image\/"}}]}},"_links":{"self":[{"href":"https:\/\/airportapartments.be\/fr\/wp-json\/wp\/v2\/pages\/189","targetHints":{"allow":["GET"]}}],"collection":[{"href":"https:\/\/airportapartments.be\/fr\/wp-json\/wp\/v2\/pages"}],"about":[{"href":"https:\/\/airportapartments.be\/fr\/wp-json\/wp\/v2\/types\/page"}],"author":[{"embeddable":true,"href":"https:\/\/airportapartments.be\/fr\/wp-json\/wp\/v2\/users\/2"}],"replies":[{"embeddable":true,"href":"https:\/\/airportapartments.be\/fr\/wp-json\/wp\/v2\/comments?post=189"}],"version-history":[{"count":5,"href":"https:\/\/airportapartments.be\/fr\/wp-json\/wp\/v2\/pages\/189\/revisions"}],"predecessor-version":[{"id":1470,"href":"https:\/\/airportapartments.be\/fr\/wp-json\/wp\/v2\/pages\/189\/revisions\/1470"}],"wp:attachment":[{"href":"https:\/\/airportapartments.be\/fr\/wp-json\/wp\/v2\/media?parent=189"}],"curies":[{"name":"wp","href":"https:\/\/api.w.org\/{rel}","templated":true}]}}