{"id":290,"date":"2023-03-12T22:07:47","date_gmt":"2023-03-12T22:07:47","guid":{"rendered":"https:\/\/airportapartments.be\/about-airport-apartments\/"},"modified":"2024-11-24T23:35:17","modified_gmt":"2024-11-24T23:35:17","slug":"au-sujet-de-airport-apartments","status":"publish","type":"page","link":"https:\/\/airportapartments.be\/fr\/au-sujet-de-airport-apartments\/","title":{"rendered":"Au sujet de Airport Apartments"},"content":{"rendered":"\t\t<div data-elementor-type=\"wp-page\" data-elementor-id=\"290\" class=\"elementor elementor-290 elementor-226\" data-elementor-post-type=\"page\">\n\t\t\t\t\t\t<section class=\"elementor-section elementor-top-section elementor-element elementor-element-53ac7c5 elementor-section-boxed elementor-section-height-default elementor-section-height-default\" data-id=\"53ac7c5\" data-element_type=\"section\" data-settings=\"{&quot;background_background&quot;:&quot;classic&quot;}\">\n\t\t\t\t\t\t<div class=\"elementor-container elementor-column-gap-default\">\n\t\t\t\t\t<div class=\"elementor-column elementor-col-100 elementor-top-column elementor-element elementor-element-12a8996\" data-id=\"12a8996\" data-element_type=\"column\">\n\t\t\t<div class=\"elementor-widget-wrap elementor-element-populated\">\n\t\t\t\t\t\t\t<\/div>\n\t\t<\/div>\n\t\t\t\t\t<\/div>\n\t\t<\/section>\n\t\t\t\t<section class=\"elementor-section elementor-top-section elementor-element elementor-element-32c5c1c elementor-section-boxed elementor-section-height-default elementor-section-height-default\" data-id=\"32c5c1c\" data-element_type=\"section\">\n\t\t\t\t\t\t<div class=\"elementor-container elementor-column-gap-default\">\n\t\t\t\t\t<div class=\"elementor-column elementor-col-50 elementor-top-column elementor-element elementor-element-8fdd8c3\" data-id=\"8fdd8c3\" data-element_type=\"column\">\n\t\t\t<div class=\"elementor-widget-wrap elementor-element-populated\">\n\t\t\t\t\t\t<div class=\"elementor-element elementor-element-52dddbd elementor-widget elementor-widget-text-editor\" data-id=\"52dddbd\" data-element_type=\"widget\" data-widget_type=\"text-editor.default\">\n\t\t\t\t<div class=\"elementor-widget-container\">\n\t\t\t\t\t\t\t\t\t<p>Airport Apartments offre des appartements avec bail de courte &amp; longue dur\u00e9e dans 3 b\u00e2timents situ\u00e9s dans un endroit strat\u00e9gique.<\/p>\n<p>Pr\u00e8s des parcs d\u2019affaires situ\u00e9s autour de l\u2019a\u00e9roport de Bruxelles, \u00e0 c\u00f4t\u00e9 du Quartier G\u00e9n\u00e9ral de l\u2019OTAN \u00e0 Evere. Egalement \u00e0 courte distance des restaurants, des grand magasins (Carrefour &amp; Delhaize) et des magasins. Acc\u00e8s facile \u00e0 l\u2019a\u00e9roport, aux autoroutes et au transport public. (<span style=\"text-decoration: underline;\"><a title=\"Emplacement\" href=\"https:\/\/www.airportapartments.be\/fr\/emplacement\/\">voir carte emplacement<\/a><\/span>)<\/p>\n<p>Chaque appartement consiste en un s\u00e9jour, une chambre, une cuisine \u00e9quip\u00e9e et une salle de bain. Il y a une blanchisserie et un parking.<\/p>\t\t\t\t\t\t\t\t<\/div>\n\t\t\t\t<\/div>\n\t\t\t\t\t<\/div>\n\t\t<\/div>\n\t\t\t\t<div class=\"elementor-column elementor-col-50 elementor-top-column elementor-element elementor-element-35a89dd\" data-id=\"35a89dd\" data-element_type=\"column\">\n\t\t\t<div class=\"elementor-widget-wrap elementor-element-populated\">\n\t\t\t\t\t\t<div class=\"elementor-element elementor-element-51d6a46 elementor-widget elementor-widget-heading\" data-id=\"51d6a46\" data-element_type=\"widget\" data-widget_type=\"heading.default\">\n\t\t\t\t<div class=\"elementor-widget-container\">\n\t\t\t\t\t<h2 class=\"elementor-heading-title elementor-size-default\">FREE WIFI SPOT<\/h2>\t\t\t\t<\/div>\n\t\t\t\t<\/div>\n\t\t\t\t<div class=\"elementor-element elementor-element-bc044fb elementor-widget elementor-widget-image\" data-id=\"bc044fb\" data-element_type=\"widget\" data-widget_type=\"image.default\">\n\t\t\t\t<div class=\"elementor-widget-container\">\n\t\t\t\t\t\t\t\t\t\t\t\t\t\t\t<img fetchpriority=\"high\" decoding=\"async\" width=\"300\" height=\"175\" src=\"https:\/\/airportapartments.be\/wp-content\/uploads\/2023\/03\/free_wifi-300x175.gif\" class=\"attachment-medium size-medium wp-image-240\" alt=\"\" \/>\t\t\t\t\t\t\t\t\t\t\t\t\t\t\t<\/div>\n\t\t\t\t<\/div>\n\t\t\t\t\t<\/div>\n\t\t<\/div>\n\t\t\t\t\t<\/div>\n\t\t<\/section>\n\t\t\t\t<\/div>\n\t\t","protected":false},"excerpt":{"rendered":"<p>Airport Apartments offre des appartements avec bail de courte &amp; longue dur\u00e9e dans 3 b\u00e2timents situ\u00e9s dans un endroit strat\u00e9gique. Pr\u00e8s des parcs d\u2019affaires situ\u00e9s autour de l\u2019a\u00e9roport de Bruxelles, \u00e0 c\u00f4t\u00e9 du Quartier G\u00e9n\u00e9ral de l\u2019OTAN \u00e0 Evere. Egalement \u00e0 courte distance des restaurants, des grand magasins (Carrefour &amp; Delhaize) et des magasins. Acc\u00e8s [&hellip;]<\/p>\n","protected":false},"author":2,"featured_media":0,"parent":0,"menu_order":0,"comment_status":"closed","ping_status":"closed","template":"elementor_header_footer","meta":{"footnotes":""},"class_list":["post-290","page","type-page","status-publish","hentry"],"yoast_head":"<!-- This site is optimized with the Yoast SEO plugin v26.6 - https:\/\/yoast.com\/wordpress\/plugins\/seo\/ -->\n<title>Au sujet de Airport Apartments - Airport Apartments<\/title>\n<meta name=\"robots\" content=\"index, follow, max-snippet:-1, max-image-preview:large, max-video-preview:-1\" \/>\n<link rel=\"canonical\" href=\"https:\/\/airportapartments.be\/fr\/au-sujet-de-airport-apartments\/\" \/>\n<meta property=\"og:locale\" content=\"fr_FR\" \/>\n<meta property=\"og:type\" content=\"article\" \/>\n<meta property=\"og:title\" content=\"Au sujet de Airport Apartments - Airport Apartments\" \/>\n<meta property=\"og:description\" content=\"Airport Apartments offre des appartements avec bail de courte &amp; longue dur\u00e9e dans 3 b\u00e2timents situ\u00e9s dans un endroit strat\u00e9gique. Pr\u00e8s des parcs d\u2019affaires situ\u00e9s autour de l\u2019a\u00e9roport de Bruxelles, \u00e0 c\u00f4t\u00e9 du Quartier G\u00e9n\u00e9ral de l\u2019OTAN \u00e0 Evere. Egalement \u00e0 courte distance des restaurants, des grand magasins (Carrefour &amp; Delhaize) et des magasins. Acc\u00e8s [&hellip;]\" \/>\n<meta property=\"og:url\" content=\"https:\/\/airportapartments.be\/fr\/au-sujet-de-airport-apartments\/\" \/>\n<meta property=\"og:site_name\" content=\"Airport Apartments\" \/>\n<meta property=\"article:modified_time\" content=\"2024-11-24T23:35:17+00:00\" \/>\n<meta property=\"og:image\" content=\"https:\/\/airportapartments.be\/wp-content\/uploads\/2023\/03\/free_wifi.gif\" \/>\n\t<meta property=\"og:image:width\" content=\"600\" \/>\n\t<meta property=\"og:image:height\" content=\"350\" \/>\n\t<meta property=\"og:image:type\" content=\"image\/gif\" \/>\n<meta name=\"twitter:card\" content=\"summary_large_image\" \/>\n<meta name=\"twitter:label1\" content=\"Dur\u00e9e de lecture estim\u00e9e\" \/>\n\t<meta name=\"twitter:data1\" content=\"1 minute\" \/>\n<script type=\"application\/ld+json\" class=\"yoast-schema-graph\">{\"@context\":\"https:\/\/schema.org\",\"@graph\":[{\"@type\":\"WebPage\",\"@id\":\"https:\/\/airportapartments.be\/fr\/au-sujet-de-airport-apartments\/\",\"url\":\"https:\/\/airportapartments.be\/fr\/au-sujet-de-airport-apartments\/\",\"name\":\"Au sujet de Airport Apartments - Airport Apartments\",\"isPartOf\":{\"@id\":\"https:\/\/airportapartments.be\/fr\/#website\"},\"primaryImageOfPage\":{\"@id\":\"https:\/\/airportapartments.be\/fr\/au-sujet-de-airport-apartments\/#primaryimage\"},\"image\":{\"@id\":\"https:\/\/airportapartments.be\/fr\/au-sujet-de-airport-apartments\/#primaryimage\"},\"thumbnailUrl\":\"https:\/\/airportapartments.be\/wp-content\/uploads\/2023\/03\/free_wifi-300x175.gif\",\"datePublished\":\"2023-03-12T22:07:47+00:00\",\"dateModified\":\"2024-11-24T23:35:17+00:00\",\"breadcrumb\":{\"@id\":\"https:\/\/airportapartments.be\/fr\/au-sujet-de-airport-apartments\/#breadcrumb\"},\"inLanguage\":\"fr-FR\",\"potentialAction\":[{\"@type\":\"ReadAction\",\"target\":[\"https:\/\/airportapartments.be\/fr\/au-sujet-de-airport-apartments\/\"]}]},{\"@type\":\"ImageObject\",\"inLanguage\":\"fr-FR\",\"@id\":\"https:\/\/airportapartments.be\/fr\/au-sujet-de-airport-apartments\/#primaryimage\",\"url\":\"https:\/\/airportapartments.be\/wp-content\/uploads\/2023\/03\/free_wifi-300x175.gif\",\"contentUrl\":\"https:\/\/airportapartments.be\/wp-content\/uploads\/2023\/03\/free_wifi-300x175.gif\"},{\"@type\":\"BreadcrumbList\",\"@id\":\"https:\/\/airportapartments.be\/fr\/au-sujet-de-airport-apartments\/#breadcrumb\",\"itemListElement\":[{\"@type\":\"ListItem\",\"position\":1,\"name\":\"Home\",\"item\":\"https:\/\/airportapartments.be\/fr\/\"},{\"@type\":\"ListItem\",\"position\":2,\"name\":\"Au sujet de Airport Apartments\"}]},{\"@type\":\"WebSite\",\"@id\":\"https:\/\/airportapartments.be\/fr\/#website\",\"url\":\"https:\/\/airportapartments.be\/fr\/\",\"name\":\"Airport Apartments\",\"description\":\"\",\"publisher\":{\"@id\":\"https:\/\/airportapartments.be\/fr\/#organization\"},\"potentialAction\":[{\"@type\":\"SearchAction\",\"target\":{\"@type\":\"EntryPoint\",\"urlTemplate\":\"https:\/\/airportapartments.be\/fr\/?s={search_term_string}\"},\"query-input\":{\"@type\":\"PropertyValueSpecification\",\"valueRequired\":true,\"valueName\":\"search_term_string\"}}],\"inLanguage\":\"fr-FR\"},{\"@type\":\"Organization\",\"@id\":\"https:\/\/airportapartments.be\/fr\/#organization\",\"name\":\"Airport Apartments\",\"url\":\"https:\/\/airportapartments.be\/fr\/\",\"logo\":{\"@type\":\"ImageObject\",\"inLanguage\":\"fr-FR\",\"@id\":\"https:\/\/airportapartments.be\/fr\/#\/schema\/logo\/image\/\",\"url\":\"https:\/\/airportapartments.be\/wp-content\/uploads\/2023\/03\/airport-apartments-logo-2024.jpg\",\"contentUrl\":\"https:\/\/airportapartments.be\/wp-content\/uploads\/2023\/03\/airport-apartments-logo-2024.jpg\",\"width\":225,\"height\":86,\"caption\":\"Airport Apartments\"},\"image\":{\"@id\":\"https:\/\/airportapartments.be\/fr\/#\/schema\/logo\/image\/\"}}]}<\/script>\n<!-- \/ Yoast SEO plugin. -->","yoast_head_json":{"title":"Au sujet de Airport Apartments - Airport Apartments","robots":{"index":"index","follow":"follow","max-snippet":"max-snippet:-1","max-image-preview":"max-image-preview:large","max-video-preview":"max-video-preview:-1"},"canonical":"https:\/\/airportapartments.be\/fr\/au-sujet-de-airport-apartments\/","og_locale":"fr_FR","og_type":"article","og_title":"Au sujet de Airport Apartments - Airport Apartments","og_description":"Airport Apartments offre des appartements avec bail de courte &amp; longue dur\u00e9e dans 3 b\u00e2timents situ\u00e9s dans un endroit strat\u00e9gique. Pr\u00e8s des parcs d\u2019affaires situ\u00e9s autour de l\u2019a\u00e9roport de Bruxelles, \u00e0 c\u00f4t\u00e9 du Quartier G\u00e9n\u00e9ral de l\u2019OTAN \u00e0 Evere. Egalement \u00e0 courte distance des restaurants, des grand magasins (Carrefour &amp; Delhaize) et des magasins. Acc\u00e8s [&hellip;]","og_url":"https:\/\/airportapartments.be\/fr\/au-sujet-de-airport-apartments\/","og_site_name":"Airport Apartments","article_modified_time":"2024-11-24T23:35:17+00:00","og_image":[{"width":600,"height":350,"url":"https:\/\/airportapartments.be\/wp-content\/uploads\/2023\/03\/free_wifi.gif","type":"image\/gif"}],"twitter_card":"summary_large_image","twitter_misc":{"Dur\u00e9e de lecture estim\u00e9e":"1 minute"},"schema":{"@context":"https:\/\/schema.org","@graph":[{"@type":"WebPage","@id":"https:\/\/airportapartments.be\/fr\/au-sujet-de-airport-apartments\/","url":"https:\/\/airportapartments.be\/fr\/au-sujet-de-airport-apartments\/","name":"Au sujet de Airport Apartments - Airport Apartments","isPartOf":{"@id":"https:\/\/airportapartments.be\/fr\/#website"},"primaryImageOfPage":{"@id":"https:\/\/airportapartments.be\/fr\/au-sujet-de-airport-apartments\/#primaryimage"},"image":{"@id":"https:\/\/airportapartments.be\/fr\/au-sujet-de-airport-apartments\/#primaryimage"},"thumbnailUrl":"https:\/\/airportapartments.be\/wp-content\/uploads\/2023\/03\/free_wifi-300x175.gif","datePublished":"2023-03-12T22:07:47+00:00","dateModified":"2024-11-24T23:35:17+00:00","breadcrumb":{"@id":"https:\/\/airportapartments.be\/fr\/au-sujet-de-airport-apartments\/#breadcrumb"},"inLanguage":"fr-FR","potentialAction":[{"@type":"ReadAction","target":["https:\/\/airportapartments.be\/fr\/au-sujet-de-airport-apartments\/"]}]},{"@type":"ImageObject","inLanguage":"fr-FR","@id":"https:\/\/airportapartments.be\/fr\/au-sujet-de-airport-apartments\/#primaryimage","url":"https:\/\/airportapartments.be\/wp-content\/uploads\/2023\/03\/free_wifi-300x175.gif","contentUrl":"https:\/\/airportapartments.be\/wp-content\/uploads\/2023\/03\/free_wifi-300x175.gif"},{"@type":"BreadcrumbList","@id":"https:\/\/airportapartments.be\/fr\/au-sujet-de-airport-apartments\/#breadcrumb","itemListElement":[{"@type":"ListItem","position":1,"name":"Home","item":"https:\/\/airportapartments.be\/fr\/"},{"@type":"ListItem","position":2,"name":"Au sujet de Airport Apartments"}]},{"@type":"WebSite","@id":"https:\/\/airportapartments.be\/fr\/#website","url":"https:\/\/airportapartments.be\/fr\/","name":"Airport Apartments","description":"","publisher":{"@id":"https:\/\/airportapartments.be\/fr\/#organization"},"potentialAction":[{"@type":"SearchAction","target":{"@type":"EntryPoint","urlTemplate":"https:\/\/airportapartments.be\/fr\/?s={search_term_string}"},"query-input":{"@type":"PropertyValueSpecification","valueRequired":true,"valueName":"search_term_string"}}],"inLanguage":"fr-FR"},{"@type":"Organization","@id":"https:\/\/airportapartments.be\/fr\/#organization","name":"Airport Apartments","url":"https:\/\/airportapartments.be\/fr\/","logo":{"@type":"ImageObject","inLanguage":"fr-FR","@id":"https:\/\/airportapartments.be\/fr\/#\/schema\/logo\/image\/","url":"https:\/\/airportapartments.be\/wp-content\/uploads\/2023\/03\/airport-apartments-logo-2024.jpg","contentUrl":"https:\/\/airportapartments.be\/wp-content\/uploads\/2023\/03\/airport-apartments-logo-2024.jpg","width":225,"height":86,"caption":"Airport Apartments"},"image":{"@id":"https:\/\/airportapartments.be\/fr\/#\/schema\/logo\/image\/"}}]}},"_links":{"self":[{"href":"https:\/\/airportapartments.be\/fr\/wp-json\/wp\/v2\/pages\/290","targetHints":{"allow":["GET"]}}],"collection":[{"href":"https:\/\/airportapartments.be\/fr\/wp-json\/wp\/v2\/pages"}],"about":[{"href":"https:\/\/airportapartments.be\/fr\/wp-json\/wp\/v2\/types\/page"}],"author":[{"embeddable":true,"href":"https:\/\/airportapartments.be\/fr\/wp-json\/wp\/v2\/users\/2"}],"replies":[{"embeddable":true,"href":"https:\/\/airportapartments.be\/fr\/wp-json\/wp\/v2\/comments?post=290"}],"version-history":[{"count":5,"href":"https:\/\/airportapartments.be\/fr\/wp-json\/wp\/v2\/pages\/290\/revisions"}],"predecessor-version":[{"id":1453,"href":"https:\/\/airportapartments.be\/fr\/wp-json\/wp\/v2\/pages\/290\/revisions\/1453"}],"wp:attachment":[{"href":"https:\/\/airportapartments.be\/fr\/wp-json\/wp\/v2\/media?parent=290"}],"curies":[{"name":"wp","href":"https:\/\/api.w.org\/{rel}","templated":true}]}}