{"id":328,"date":"2023-03-12T22:33:14","date_gmt":"2023-03-12T22:33:14","guid":{"rendered":"https:\/\/airportapartments.be\/services\/"},"modified":"2026-01-24T21:33:34","modified_gmt":"2026-01-24T21:33:34","slug":"services","status":"publish","type":"page","link":"https:\/\/airportapartments.be\/fr\/services\/","title":{"rendered":"Services"},"content":{"rendered":"\t\t<div data-elementor-type=\"wp-page\" data-elementor-id=\"328\" class=\"elementor elementor-328 elementor-313\" data-elementor-post-type=\"page\">\n\t\t\t\t\t\t<section class=\"elementor-section elementor-top-section elementor-element elementor-element-39b14f9 elementor-section-boxed elementor-section-height-default elementor-section-height-default\" data-id=\"39b14f9\" data-element_type=\"section\" data-settings=\"{&quot;background_background&quot;:&quot;classic&quot;}\">\n\t\t\t\t\t\t<div class=\"elementor-container elementor-column-gap-default\">\n\t\t\t\t\t<div class=\"elementor-column elementor-col-100 elementor-top-column elementor-element elementor-element-d303138\" data-id=\"d303138\" data-element_type=\"column\">\n\t\t\t<div class=\"elementor-widget-wrap elementor-element-populated\">\n\t\t\t\t\t\t\t<\/div>\n\t\t<\/div>\n\t\t\t\t\t<\/div>\n\t\t<\/section>\n\t\t\t\t<section class=\"elementor-section elementor-top-section elementor-element elementor-element-c19ff7c elementor-section-boxed elementor-section-height-default elementor-section-height-default\" data-id=\"c19ff7c\" data-element_type=\"section\">\n\t\t\t\t\t\t<div class=\"elementor-container elementor-column-gap-default\">\n\t\t\t\t\t<div class=\"elementor-column elementor-col-50 elementor-top-column elementor-element elementor-element-4fe1dc0\" data-id=\"4fe1dc0\" data-element_type=\"column\">\n\t\t\t<div class=\"elementor-widget-wrap elementor-element-populated\">\n\t\t\t\t\t\t<div class=\"elementor-element elementor-element-1b52f28 elementor-widget elementor-widget-heading\" data-id=\"1b52f28\" data-element_type=\"widget\" data-widget_type=\"heading.default\">\n\t\t\t\t<div class=\"elementor-widget-container\">\n\t\t\t\t\t<h2 class=\"elementor-heading-title elementor-size-default\">Distribution<\/h2>\t\t\t\t<\/div>\n\t\t\t\t<\/div>\n\t\t\t\t<div class=\"elementor-element elementor-element-17c8088 elementor-widget elementor-widget-text-editor\" data-id=\"17c8088\" data-element_type=\"widget\" data-widget_type=\"text-editor.default\">\n\t\t\t\t<div class=\"elementor-widget-container\">\n\t\t\t\t\t\t\t\t\t<ul><li>S\u00e9jour et chambre s\u00e9par\u00e9e<\/li><li>Salle de bain avec douche<\/li><li>Cuisine \u00e9quip\u00e9e (frigo avec cong\u00e9lateur, machine \u00e0 caf\u00e9, microondes, vaisselle, couverts)<\/li><li>T\u00e9l\u00e9vision par satellite<\/li><li>Buanderie commune<\/li><li>Internet sans fil (inclu)<\/li><\/ul>\t\t\t\t\t\t\t\t<\/div>\n\t\t\t\t<\/div>\n\t\t\t\t<div class=\"elementor-element elementor-element-48c1e06 elementor-widget elementor-widget-heading\" data-id=\"48c1e06\" data-element_type=\"widget\" data-widget_type=\"heading.default\">\n\t\t\t\t<div class=\"elementor-widget-container\">\n\t\t\t\t\t<h2 class=\"elementor-heading-title elementor-size-default\">SERVICE DE MENAGE<\/h2>\t\t\t\t<\/div>\n\t\t\t\t<\/div>\n\t\t\t\t<div class=\"elementor-element elementor-element-46d4946 elementor-widget elementor-widget-text-editor\" data-id=\"46d4946\" data-element_type=\"widget\" data-widget_type=\"text-editor.default\">\n\t\t\t\t<div class=\"elementor-widget-container\">\n\t\t\t\t\t\t\t\t\t<p>Service de m\u00e9nage hebdomadaire &amp; changement de linge (linge de chambre \u00e0 coucher, salle de bain et cuisine)<\/p>\t\t\t\t\t\t\t\t<\/div>\n\t\t\t\t<\/div>\n\t\t\t\t<div class=\"elementor-element elementor-element-8d651de elementor-widget elementor-widget-heading\" data-id=\"8d651de\" data-element_type=\"widget\" data-widget_type=\"heading.default\">\n\t\t\t\t<div class=\"elementor-widget-container\">\n\t\t\t\t\t<h2 class=\"elementor-heading-title elementor-size-default\">SERVICES DE LOCATION<\/h2>\t\t\t\t<\/div>\n\t\t\t\t<\/div>\n\t\t\t\t<div class=\"elementor-element elementor-element-98a2c0b elementor-widget elementor-widget-text-editor\" data-id=\"98a2c0b\" data-element_type=\"widget\" data-widget_type=\"text-editor.default\">\n\t\t\t\t<div class=\"elementor-widget-container\">\n\t\t\t\t\t\t\t\t\t<p>Location d\u2019appartements pour minimum une semaine et pour une dur\u00e9e ind\u00e9termin\u00e9e. (cliquez sur l\u2019adresse pour photos)<\/p><ul><li><span style=\"text-decoration: underline;\"><a title=\"Rue Fernand Leger n\u00b0 1\" href=\"https:\/\/www.airportapartments.be\/fr\/rue-fernand-leger-n-1\/\">Rue Fernand Legerstraat nr. 1<\/a><\/span><\/li><li><span style=\"text-decoration: underline;\"><a title=\"Av. Jules Bordet n\u00b0 98\" href=\"https:\/\/www.airportapartments.be\/fr\/av-jules-bordet-n-98\/\">Av. Jules Bordetlaan nr. 98<\/a><\/span><\/li><\/ul>\t\t\t\t\t\t\t\t<\/div>\n\t\t\t\t<\/div>\n\t\t\t\t<div class=\"elementor-element elementor-element-c713a5e elementor-widget elementor-widget-heading\" data-id=\"c713a5e\" data-element_type=\"widget\" data-widget_type=\"heading.default\">\n\t\t\t\t<div class=\"elementor-widget-container\">\n\t\t\t\t\t<h2 class=\"elementor-heading-title elementor-size-default\">Annulation<\/h2>\t\t\t\t<\/div>\n\t\t\t\t<\/div>\n\t\t\t\t<div class=\"elementor-element elementor-element-4d5119f elementor-widget elementor-widget-text-editor\" data-id=\"4d5119f\" data-element_type=\"widget\" data-widget_type=\"text-editor.default\">\n\t\t\t\t<div class=\"elementor-widget-container\">\n\t\t\t\t\t\t\t\t\t<p>Un pr\u00e9avis de 2 semaines est accept\u00e9 pour des locations jusqu\u2019\u00e0 3 mois et un pr\u00e9avis d\u2019un mois pour de locations \u00e0 partir de 4 mois.<br \/>Un d\u00e9part pr\u00e9matur\u00e9 ne donne pas droit \u00e0 un remboursement.<\/p>\t\t\t\t\t\t\t\t<\/div>\n\t\t\t\t<\/div>\n\t\t\t\t<div class=\"elementor-element elementor-element-c0426c4 elementor-widget elementor-widget-heading\" data-id=\"c0426c4\" data-element_type=\"widget\" data-widget_type=\"heading.default\">\n\t\t\t\t<div class=\"elementor-widget-container\">\n\t\t\t\t\t<h2 class=\"elementor-heading-title elementor-size-default\">Paiement<\/h2>\t\t\t\t<\/div>\n\t\t\t\t<\/div>\n\t\t\t\t<div class=\"elementor-element elementor-element-61b4128 elementor-widget elementor-widget-text-editor\" data-id=\"61b4128\" data-element_type=\"widget\" data-widget_type=\"text-editor.default\">\n\t\t\t\t<div class=\"elementor-widget-container\">\n\t\t\t\t\t\t\t\t\t<p>Les paiements se font au d\u00e9but de votre s\u00e9jour en argent liquide ou par transfert bancaire.<\/p>\t\t\t\t\t\t\t\t<\/div>\n\t\t\t\t<\/div>\n\t\t\t\t<div class=\"elementor-element elementor-element-8e33ef5 elementor-widget elementor-widget-heading\" data-id=\"8e33ef5\" data-element_type=\"widget\" data-widget_type=\"heading.default\">\n\t\t\t\t<div class=\"elementor-widget-container\">\n\t\t\t\t\t<h2 class=\"elementor-heading-title elementor-size-default\">ARRIVEE ET DEPART<\/h2>\t\t\t\t<\/div>\n\t\t\t\t<\/div>\n\t\t\t\t<div class=\"elementor-element elementor-element-e562c90 elementor-widget elementor-widget-text-editor\" data-id=\"e562c90\" data-element_type=\"widget\" data-widget_type=\"text-editor.default\">\n\t\t\t\t<div class=\"elementor-widget-container\">\n\t\t\t\t\t\t\t\t\t<p>A l\u2019arriv\u00e9e, les appartements sont disponibles \u00e0 partir de 14 heures.<br \/>Au d\u00e9part, vous \u00eates pri\u00e9s de lib\u00e9rer votre appartement avant midi (12 heures).<\/p>\t\t\t\t\t\t\t\t<\/div>\n\t\t\t\t<\/div>\n\t\t\t\t<div class=\"elementor-element elementor-element-986d103 elementor-widget elementor-widget-heading\" data-id=\"986d103\" data-element_type=\"widget\" data-widget_type=\"heading.default\">\n\t\t\t\t<div class=\"elementor-widget-container\">\n\t\t\t\t\t<h2 class=\"elementor-heading-title elementor-size-default\">Reception<\/h2>\t\t\t\t<\/div>\n\t\t\t\t<\/div>\n\t\t\t\t<div class=\"elementor-element elementor-element-ae06ff3 elementor-widget elementor-widget-text-editor\" data-id=\"ae06ff3\" data-element_type=\"widget\" data-widget_type=\"text-editor.default\">\n\t\t\t\t<div class=\"elementor-widget-container\">\n\t\t\t\t\t\t\t\t\t<p>Une visite des appartements est possible, mais uniquement sur rendez-vous:<\/p><ul><li>par t\u00e9l\u00e9phone +32 2 724 38 00<\/li><li>par mail\u00a0<span style=\"text-decoration: underline;\"><a href=\"mailto:info@airportapartments.be\">info@airportapartments.be<\/a><\/span><\/li><\/ul><p>Il n\u2019y pas de r\u00e9ception, nous sommes disponible 24h\/24h par t\u00e9l\u00e9phone .<\/p>\t\t\t\t\t\t\t\t<\/div>\n\t\t\t\t<\/div>\n\t\t\t\t\t<\/div>\n\t\t<\/div>\n\t\t\t\t<div class=\"elementor-column elementor-col-50 elementor-top-column elementor-element elementor-element-a2dd3f3\" data-id=\"a2dd3f3\" data-element_type=\"column\">\n\t\t\t<div class=\"elementor-widget-wrap elementor-element-populated\">\n\t\t\t\t\t\t<div class=\"elementor-element elementor-element-6993eb7 elementor-widget elementor-widget-heading\" data-id=\"6993eb7\" data-element_type=\"widget\" data-widget_type=\"heading.default\">\n\t\t\t\t<div class=\"elementor-widget-container\">\n\t\t\t\t\t<h2 class=\"elementor-heading-title elementor-size-default\">FREE WIFI SPOT<\/h2>\t\t\t\t<\/div>\n\t\t\t\t<\/div>\n\t\t\t\t<div class=\"elementor-element elementor-element-5317313 elementor-widget elementor-widget-image\" data-id=\"5317313\" data-element_type=\"widget\" data-widget_type=\"image.default\">\n\t\t\t\t<div class=\"elementor-widget-container\">\n\t\t\t\t\t\t\t\t\t\t\t\t\t\t\t<img fetchpriority=\"high\" decoding=\"async\" width=\"300\" height=\"175\" src=\"https:\/\/airportapartments.be\/wp-content\/uploads\/2023\/03\/free_wifi-300x175.gif\" class=\"attachment-medium size-medium wp-image-240\" alt=\"\" \/>\t\t\t\t\t\t\t\t\t\t\t\t\t\t\t<\/div>\n\t\t\t\t<\/div>\n\t\t\t\t\t<\/div>\n\t\t<\/div>\n\t\t\t\t\t<\/div>\n\t\t<\/section>\n\t\t\t\t<\/div>\n\t\t","protected":false},"excerpt":{"rendered":"<p>Distribution S\u00e9jour et chambre s\u00e9par\u00e9e Salle de bain avec douche Cuisine \u00e9quip\u00e9e (frigo avec cong\u00e9lateur, machine \u00e0 caf\u00e9, microondes, vaisselle, couverts) T\u00e9l\u00e9vision par satellite Buanderie commune Internet sans fil (inclu) SERVICE DE MENAGE Service de m\u00e9nage hebdomadaire &amp; changement de linge (linge de chambre \u00e0 coucher, salle de bain et cuisine) SERVICES DE LOCATION Location [&hellip;]<\/p>\n","protected":false},"author":2,"featured_media":0,"parent":0,"menu_order":0,"comment_status":"closed","ping_status":"closed","template":"elementor_header_footer","meta":{"footnotes":""},"class_list":["post-328","page","type-page","status-publish","hentry"],"yoast_head":"<!-- This site is optimized with the Yoast SEO plugin v26.6 - https:\/\/yoast.com\/wordpress\/plugins\/seo\/ -->\n<title>Services - Airport Apartments<\/title>\n<meta name=\"robots\" content=\"index, follow, max-snippet:-1, max-image-preview:large, max-video-preview:-1\" \/>\n<link rel=\"canonical\" href=\"https:\/\/airportapartments.be\/fr\/services\/\" \/>\n<meta property=\"og:locale\" content=\"fr_FR\" \/>\n<meta property=\"og:type\" content=\"article\" \/>\n<meta property=\"og:title\" content=\"Services - Airport Apartments\" \/>\n<meta property=\"og:description\" content=\"Distribution S\u00e9jour et chambre s\u00e9par\u00e9e Salle de bain avec douche Cuisine \u00e9quip\u00e9e (frigo avec cong\u00e9lateur, machine \u00e0 caf\u00e9, microondes, vaisselle, couverts) T\u00e9l\u00e9vision par satellite Buanderie commune Internet sans fil (inclu) SERVICE DE MENAGE Service de m\u00e9nage hebdomadaire &amp; changement de linge (linge de chambre \u00e0 coucher, salle de bain et cuisine) SERVICES DE LOCATION Location [&hellip;]\" \/>\n<meta property=\"og:url\" content=\"https:\/\/airportapartments.be\/fr\/services\/\" \/>\n<meta property=\"og:site_name\" content=\"Airport Apartments\" \/>\n<meta property=\"article:modified_time\" content=\"2026-01-24T21:33:34+00:00\" \/>\n<meta property=\"og:image\" content=\"https:\/\/airportapartments.be\/wp-content\/uploads\/2023\/03\/free_wifi.gif\" \/>\n\t<meta property=\"og:image:width\" content=\"600\" \/>\n\t<meta property=\"og:image:height\" content=\"350\" \/>\n\t<meta property=\"og:image:type\" content=\"image\/gif\" \/>\n<meta name=\"twitter:card\" content=\"summary_large_image\" \/>\n<meta name=\"twitter:label1\" content=\"Dur\u00e9e de lecture estim\u00e9e\" \/>\n\t<meta name=\"twitter:data1\" content=\"2 minutes\" \/>\n<script type=\"application\/ld+json\" class=\"yoast-schema-graph\">{\"@context\":\"https:\/\/schema.org\",\"@graph\":[{\"@type\":\"WebPage\",\"@id\":\"https:\/\/airportapartments.be\/fr\/services\/\",\"url\":\"https:\/\/airportapartments.be\/fr\/services\/\",\"name\":\"Services - Airport Apartments\",\"isPartOf\":{\"@id\":\"https:\/\/airportapartments.be\/fr\/#website\"},\"primaryImageOfPage\":{\"@id\":\"https:\/\/airportapartments.be\/fr\/services\/#primaryimage\"},\"image\":{\"@id\":\"https:\/\/airportapartments.be\/fr\/services\/#primaryimage\"},\"thumbnailUrl\":\"https:\/\/airportapartments.be\/wp-content\/uploads\/2023\/03\/free_wifi-300x175.gif\",\"datePublished\":\"2023-03-12T22:33:14+00:00\",\"dateModified\":\"2026-01-24T21:33:34+00:00\",\"breadcrumb\":{\"@id\":\"https:\/\/airportapartments.be\/fr\/services\/#breadcrumb\"},\"inLanguage\":\"fr-FR\",\"potentialAction\":[{\"@type\":\"ReadAction\",\"target\":[\"https:\/\/airportapartments.be\/fr\/services\/\"]}]},{\"@type\":\"ImageObject\",\"inLanguage\":\"fr-FR\",\"@id\":\"https:\/\/airportapartments.be\/fr\/services\/#primaryimage\",\"url\":\"https:\/\/airportapartments.be\/wp-content\/uploads\/2023\/03\/free_wifi-300x175.gif\",\"contentUrl\":\"https:\/\/airportapartments.be\/wp-content\/uploads\/2023\/03\/free_wifi-300x175.gif\"},{\"@type\":\"BreadcrumbList\",\"@id\":\"https:\/\/airportapartments.be\/fr\/services\/#breadcrumb\",\"itemListElement\":[{\"@type\":\"ListItem\",\"position\":1,\"name\":\"Home\",\"item\":\"https:\/\/airportapartments.be\/fr\/\"},{\"@type\":\"ListItem\",\"position\":2,\"name\":\"Services\"}]},{\"@type\":\"WebSite\",\"@id\":\"https:\/\/airportapartments.be\/fr\/#website\",\"url\":\"https:\/\/airportapartments.be\/fr\/\",\"name\":\"Airport Apartments\",\"description\":\"\",\"publisher\":{\"@id\":\"https:\/\/airportapartments.be\/fr\/#organization\"},\"potentialAction\":[{\"@type\":\"SearchAction\",\"target\":{\"@type\":\"EntryPoint\",\"urlTemplate\":\"https:\/\/airportapartments.be\/fr\/?s={search_term_string}\"},\"query-input\":{\"@type\":\"PropertyValueSpecification\",\"valueRequired\":true,\"valueName\":\"search_term_string\"}}],\"inLanguage\":\"fr-FR\"},{\"@type\":\"Organization\",\"@id\":\"https:\/\/airportapartments.be\/fr\/#organization\",\"name\":\"Airport Apartments\",\"url\":\"https:\/\/airportapartments.be\/fr\/\",\"logo\":{\"@type\":\"ImageObject\",\"inLanguage\":\"fr-FR\",\"@id\":\"https:\/\/airportapartments.be\/fr\/#\/schema\/logo\/image\/\",\"url\":\"https:\/\/airportapartments.be\/wp-content\/uploads\/2023\/03\/airport-apartments-logo-2024.jpg\",\"contentUrl\":\"https:\/\/airportapartments.be\/wp-content\/uploads\/2023\/03\/airport-apartments-logo-2024.jpg\",\"width\":225,\"height\":86,\"caption\":\"Airport Apartments\"},\"image\":{\"@id\":\"https:\/\/airportapartments.be\/fr\/#\/schema\/logo\/image\/\"}}]}<\/script>\n<!-- \/ Yoast SEO plugin. -->","yoast_head_json":{"title":"Services - Airport Apartments","robots":{"index":"index","follow":"follow","max-snippet":"max-snippet:-1","max-image-preview":"max-image-preview:large","max-video-preview":"max-video-preview:-1"},"canonical":"https:\/\/airportapartments.be\/fr\/services\/","og_locale":"fr_FR","og_type":"article","og_title":"Services - Airport Apartments","og_description":"Distribution S\u00e9jour et chambre s\u00e9par\u00e9e Salle de bain avec douche Cuisine \u00e9quip\u00e9e (frigo avec cong\u00e9lateur, machine \u00e0 caf\u00e9, microondes, vaisselle, couverts) T\u00e9l\u00e9vision par satellite Buanderie commune Internet sans fil (inclu) SERVICE DE MENAGE Service de m\u00e9nage hebdomadaire &amp; changement de linge (linge de chambre \u00e0 coucher, salle de bain et cuisine) SERVICES DE LOCATION Location [&hellip;]","og_url":"https:\/\/airportapartments.be\/fr\/services\/","og_site_name":"Airport Apartments","article_modified_time":"2026-01-24T21:33:34+00:00","og_image":[{"width":600,"height":350,"url":"https:\/\/airportapartments.be\/wp-content\/uploads\/2023\/03\/free_wifi.gif","type":"image\/gif"}],"twitter_card":"summary_large_image","twitter_misc":{"Dur\u00e9e de lecture estim\u00e9e":"2 minutes"},"schema":{"@context":"https:\/\/schema.org","@graph":[{"@type":"WebPage","@id":"https:\/\/airportapartments.be\/fr\/services\/","url":"https:\/\/airportapartments.be\/fr\/services\/","name":"Services - Airport Apartments","isPartOf":{"@id":"https:\/\/airportapartments.be\/fr\/#website"},"primaryImageOfPage":{"@id":"https:\/\/airportapartments.be\/fr\/services\/#primaryimage"},"image":{"@id":"https:\/\/airportapartments.be\/fr\/services\/#primaryimage"},"thumbnailUrl":"https:\/\/airportapartments.be\/wp-content\/uploads\/2023\/03\/free_wifi-300x175.gif","datePublished":"2023-03-12T22:33:14+00:00","dateModified":"2026-01-24T21:33:34+00:00","breadcrumb":{"@id":"https:\/\/airportapartments.be\/fr\/services\/#breadcrumb"},"inLanguage":"fr-FR","potentialAction":[{"@type":"ReadAction","target":["https:\/\/airportapartments.be\/fr\/services\/"]}]},{"@type":"ImageObject","inLanguage":"fr-FR","@id":"https:\/\/airportapartments.be\/fr\/services\/#primaryimage","url":"https:\/\/airportapartments.be\/wp-content\/uploads\/2023\/03\/free_wifi-300x175.gif","contentUrl":"https:\/\/airportapartments.be\/wp-content\/uploads\/2023\/03\/free_wifi-300x175.gif"},{"@type":"BreadcrumbList","@id":"https:\/\/airportapartments.be\/fr\/services\/#breadcrumb","itemListElement":[{"@type":"ListItem","position":1,"name":"Home","item":"https:\/\/airportapartments.be\/fr\/"},{"@type":"ListItem","position":2,"name":"Services"}]},{"@type":"WebSite","@id":"https:\/\/airportapartments.be\/fr\/#website","url":"https:\/\/airportapartments.be\/fr\/","name":"Airport Apartments","description":"","publisher":{"@id":"https:\/\/airportapartments.be\/fr\/#organization"},"potentialAction":[{"@type":"SearchAction","target":{"@type":"EntryPoint","urlTemplate":"https:\/\/airportapartments.be\/fr\/?s={search_term_string}"},"query-input":{"@type":"PropertyValueSpecification","valueRequired":true,"valueName":"search_term_string"}}],"inLanguage":"fr-FR"},{"@type":"Organization","@id":"https:\/\/airportapartments.be\/fr\/#organization","name":"Airport Apartments","url":"https:\/\/airportapartments.be\/fr\/","logo":{"@type":"ImageObject","inLanguage":"fr-FR","@id":"https:\/\/airportapartments.be\/fr\/#\/schema\/logo\/image\/","url":"https:\/\/airportapartments.be\/wp-content\/uploads\/2023\/03\/airport-apartments-logo-2024.jpg","contentUrl":"https:\/\/airportapartments.be\/wp-content\/uploads\/2023\/03\/airport-apartments-logo-2024.jpg","width":225,"height":86,"caption":"Airport Apartments"},"image":{"@id":"https:\/\/airportapartments.be\/fr\/#\/schema\/logo\/image\/"}}]}},"_links":{"self":[{"href":"https:\/\/airportapartments.be\/fr\/wp-json\/wp\/v2\/pages\/328","targetHints":{"allow":["GET"]}}],"collection":[{"href":"https:\/\/airportapartments.be\/fr\/wp-json\/wp\/v2\/pages"}],"about":[{"href":"https:\/\/airportapartments.be\/fr\/wp-json\/wp\/v2\/types\/page"}],"author":[{"embeddable":true,"href":"https:\/\/airportapartments.be\/fr\/wp-json\/wp\/v2\/users\/2"}],"replies":[{"embeddable":true,"href":"https:\/\/airportapartments.be\/fr\/wp-json\/wp\/v2\/comments?post=328"}],"version-history":[{"count":5,"href":"https:\/\/airportapartments.be\/fr\/wp-json\/wp\/v2\/pages\/328\/revisions"}],"predecessor-version":[{"id":1511,"href":"https:\/\/airportapartments.be\/fr\/wp-json\/wp\/v2\/pages\/328\/revisions\/1511"}],"wp:attachment":[{"href":"https:\/\/airportapartments.be\/fr\/wp-json\/wp\/v2\/media?parent=328"}],"curies":[{"name":"wp","href":"https:\/\/api.w.org\/{rel}","templated":true}]}}